{"id":14633,"date":"2023-07-18T02:21:50","date_gmt":"2023-07-18T02:21:50","guid":{"rendered":"https:\/\/hondaotothuynguyen.com.vn\/?page_id=14633"},"modified":"2023-07-18T02:22:19","modified_gmt":"2023-07-18T02:22:19","slug":"chuong-trinh-lai-xe-an-toan-cung-honda-oto-hai-phong-thuy-nguyen","status":"publish","type":"page","link":"https:\/\/hondaotothuynguyen.com.vn\/en\/chuong-trinh-lai-xe-an-toan-cung-honda-oto-hai-phong-thuy-nguyen\/","title":{"rendered":"Ch\u01b0\u01a1ng tr\u00ecnh L\u00e1i xe An to\u00e0n c\u00f9ng Honda \u00d4t\u00f4 H\u1ea3i Ph\u00f2ng &#8211; Th\u1ee7y Nguy\u00ean"},"content":{"rendered":"<div class=\"wp-block-image\">\n<figure class=\"aligncenter size-large\"><img loading=\"lazy\" decoding=\"async\" width=\"1024\" height=\"576\" src=\"https:\/\/hondaotothuynguyen.com.vn\/wp-content\/uploads\/2023\/07\/z4525537901724_bc5b7929b3fd2d857c01c6bba6c586d8-1024x576.jpg\" alt=\"z4525537901724 bc5b7929b3fd2d857c01c6bba6c586d8\" class=\"wp-image-14636\" srcset=\"https:\/\/hondaotothuynguyen.com.vn\/wp-content\/uploads\/2023\/07\/z4525537901724_bc5b7929b3fd2d857c01c6bba6c586d8-1024x576.jpg 1024w, https:\/\/hondaotothuynguyen.com.vn\/wp-content\/uploads\/2023\/07\/z4525537901724_bc5b7929b3fd2d857c01c6bba6c586d8-300x169.jpg 300w, https:\/\/hondaotothuynguyen.com.vn\/wp-content\/uploads\/2023\/07\/z4525537901724_bc5b7929b3fd2d857c01c6bba6c586d8-768x432.jpg 768w, https:\/\/hondaotothuynguyen.com.vn\/wp-content\/uploads\/2023\/07\/z4525537901724_bc5b7929b3fd2d857c01c6bba6c586d8-1536x864.jpg 1536w, https:\/\/hondaotothuynguyen.com.vn\/wp-content\/uploads\/2023\/07\/z4525537901724_bc5b7929b3fd2d857c01c6bba6c586d8-18x10.jpg 18w, https:\/\/hondaotothuynguyen.com.vn\/wp-content\/uploads\/2023\/07\/z4525537901724_bc5b7929b3fd2d857c01c6bba6c586d8.jpg 1820w\" sizes=\"auto, (max-width: 1024px) 100vw, 1024px\" \/><figcaption class=\"wp-element-caption\"><em>Ch\u01b0\u01a1ng tr\u00ecnh L\u00e1i xe An to\u00e0n c\u00f9ng Honda \u00d4t\u00f4 H\u1ea3i Ph\u00f2ng &#8211; Th\u1ee7y Nguy\u00ean.<\/em><\/figcaption><\/figure>\n<\/div>\n\n\n<p><em>V\u1edbi m\u1ee5c \u0111\u00edch mang l\u1ea1i nh\u1eefng k\u1ef9 n\u0103ng l\u00e1i xe an to\u00e0n v\u00e0 ni\u1ec1m vui sau tay l\u00e1i cho qu\u00fd kh\u00e1ch khi s\u1eed d\u1ee5ng c\u00e1c d\u00f2ng xe \u00d4t\u00f4 Honda, nh\u1eb1m g\u00f3p ph\u1ea7n x\u00e2y d\u1ef1ng m\u1ed9t x\u00e3 h\u1ed9i v\u0103n minh v\u00e0 an to\u00e0n giao th\u00f4ng. B\u00ean c\u1ea1nh \u0111\u00f3 \u0111\u1ec3 t\u0103ng c\u01b0\u1eddng v\u00e0 duy tr\u00ec vi\u1ec7c ch\u0103m s\u00f3c kh\u00e1ch h\u00e0ng th\u01b0\u1eddng xuy\u00ean, ch\u00fang t\u00f4i tr\u00e2n tr\u1ecdng k\u00ednh m\u1eddi Qu\u00fd kh\u00e1ch \u0111\u1ebfn tham d\u1ef1 ch\u01b0\u01a1ng tr\u00ecnh \u201cH\u01b0\u1edbng D\u1eabn L\u00e1i Xe An To\u00e0n\u201d do Honda \u00d4t\u00f4 H\u1ea3i Ph\u00f2ng &#8211; Th\u1ee7y Nguy\u00ean t\u1ed5 ch\u1ee9c.<\/em><br><strong>\u2013 Th\u1eddi gian:<\/strong> Th\u1ee9 6, ng\u00e0y 21 th\u00e1ng 07 n\u0103m 2023<br><strong>\u2013 \u0110\u1ecba \u0111i\u1ec3m:<\/strong> Ti\u1ec3u \u0111o\u00e0n 34 -Ban ch\u1ec9 huy qu\u00e2n s\u1ef1 th\u00e0nh ph\u1ed1 H\u1ea3i Ph\u00f2ng<br><strong>\u2013 \u0110\u1ecba ch\u1ec9:<\/strong> S\u1ed1 788, Thi\u00ean L\u00f4i, L\u00ea Ch\u00e2n, H\u1ea3i Ph\u00f2ng<br>Qu\u00fd kh\u00e1ch tham gia ch\u01b0\u01a1ng tr\u00ecnh s\u1ebd \u0111\u01b0\u1ee3c h\u01b0\u1edbng d\u1eabn l\u00fd thuy\u1ebft an to\u00e0n giao th\u00f4ng khi \u0111i\u1ec1u khi\u1ec3n xe \u00f4t\u00f4, sau \u0111\u00f3 l\u00e0 ph\u1ea7n th\u1ef1c h\u00e0nh tr\u1ef1c ti\u1ebfp tr\u00ean xe \u00f4t\u00f4 Honda \u0111\u1eddi m\u1edbi nh\u1ea5t. Cu\u1ed1i ch\u01b0\u01a1ng tr\u00ecnh l\u00e0 ph\u1ea7n trao ch\u1ee9ng nh\u1eadn tham gia ch\u01b0\u01a1ng tr\u00ecnh L\u00e1i Xe An To\u00e0n do Honda Vi\u1ec7t Nam c\u1ea5p khi tham d\u1ef1 ho\u00e0n t\u1ea5t ch\u01b0\u01a1ng tr\u00ecnh.<br>Honda \u00d4t\u00f4 H\u1ea3i Ph\u00f2ng &#8211; Th\u1ee7y Nguy\u00ean s\u1ebd trao qu\u00e0 nh\u1eefng ph\u1ea7n qu\u00e0 l\u01b0u ni\u1ec7m cho kh\u00e1ch h\u00e0ng tham gia ch\u01b0\u01a1ng tr\u00ecnh.<\/p>\n\n\n\n<h2 class=\"wp-block-heading\">K\u00ednh m\u1eddi Qu\u00fd kh\u00e1ch h\u00e0ng \u0111\u1ebfn tham gia ch\u01b0\u01a1ng tr\u00ecnh L\u00e1i xe An to\u00e0n c\u00f9ng Honda \u00d4t\u00f4 H\u1ea3i Ph\u00f2ng &#8211; Th\u1ee7y Nguy\u00ean.<\/h2>\n\n\n\n<p>\u2611\ufe0f C\u00e1ch th\u1ee9c \u0111\u0103ng k\u00fd<br>Qu\u00fd kh\u00e1ch c\u00f3 2 c\u00e1ch \u0111\u1ec3 \u0111\u0103ng k\u00fd l\u00e1i th\u1eed:<br>C\u00e1ch 1: Nh\u1eafn tin cho<br>\ud83c\uddeb Fanpage: https:\/\/www.facebook.com\/hondaotohaiphongthuynguyen<br>\ud83c\uddff Zalo\/hotline kinh doanh: 0338 11 55 11<\/p>\n\n\n\n<h2 class=\"wp-block-heading\">C\u00e1ch 2: G\u1ecdi v\u00e0 \u0111\u0103ng k\u00fd tr\u1ef1c ti\u1ebfp t\u1ea1i Hotline 1800 9221 (Mi\u1ec5n ph\u00ed)<\/h2>\n\n\n\n<p>\ud83d\udc49 H\u00e3y follow ngay Fanpage Honda \u00d4t\u00f4 Thu\u1ef7 Nguy\u00ean &#8211; H\u1ea3i Ph\u00f2ng \u0111\u1ec3 nh\u1eadn \u0111\u01b0\u1ee3c c\u00e1c th\u00f4ng tin m\u1edbi nh\u1ea5t v\u1ec1 c\u00e1c d\u00f2ng s\u1ea3n ph\u1ea9m c\u0169ng nh\u01b0 s\u1ef1 ki\u1ec7n th\u01b0\u01a1ng hi\u1ec7u h\u1ea5p d\u1eabn.<\/p>\n\n\n\n<hr class=\"wp-block-separator has-alpha-channel-opacity\"\/>\n\n\n\n<p>Ph\u00f2ng Kinh Doanh: <strong>0338 11 55 11<\/strong><br>Hotline CSKH: <strong>1800 9221<\/strong><br>Ph\u00f2ng D\u1ecbch V\u1ee5: <strong>0327 99 88 00<\/strong><br>Website: <a href=\"https:\/\/hondaotothuynguyen.com.vn\/en\/\">hondaotothuynguyen.com.vn<\/a><br>\u0110\u1ecba ch\u1ec9: Ng\u00e3 3 \u0110\u00f4ng S\u01a1n, K\u00eanh Giang, Thu\u1ef7 Nguy\u00ean, H\u1ea3i Ph\u00f2ng<\/p>\n\n\n\n<p>HondaHaiPhong #HondaVietNam #Hondahaiphongthuynguyen #hondacrv #hondacivic #hondaaccord<\/p>","protected":false},"excerpt":{"rendered":"<p>V\u1edbi m\u1ee5c \u0111\u00edch mang l\u1ea1i nh\u1eefng k\u1ef9 n\u0103ng l\u00e1i xe an to\u00e0n v\u00e0 ni\u1ec1m vui sau tay l\u00e1i cho qu\u00fd kh\u00e1ch khi s\u1eed d\u1ee5ng c\u00e1c d\u00f2ng xe \u00d4t\u00f4 Honda, nh\u1eb1m g\u00f3p ph\u1ea7n x\u00e2y d\u1ef1ng m\u1ed9t x\u00e3 h\u1ed9i v\u0103n minh v\u00e0 an to\u00e0n giao th\u00f4ng. B\u00ean c\u1ea1nh \u0111\u00f3 \u0111\u1ec3 t\u0103ng c\u01b0\u1eddng v\u00e0 duy tr\u00ec vi\u1ec7c ch\u0103m [&hellip;]<\/p>","protected":false},"author":7,"featured_media":14636,"parent":0,"menu_order":0,"comment_status":"closed","ping_status":"closed","template":"","meta":{"_seopress_robots_primary_cat":"","footnotes":""},"categories":[131,1],"tags":[179,165,167,166,170,169,168],"class_list":["post-14633","page","type-page","status-publish","has-post-thumbnail","hentry","category-chuong-trinh-lai-thu-xe","category-tin-khuyen-mai","tag-bao-duong-o-to-honda-dinh-ky","tag-bao-duong-o-to-tai-hai-phong","tag-dich-vu-o-to-honda-hai-phong","tag-dich-vu-o-to-uy-tin-tai-hai-phong","tag-mua-o-to-tra-gop-o-hai-phong","tag-mua-xe-o-to-honda-tra-gop","tag-o-to-honda-hai-phong"],"acf":[],"_links":{"self":[{"href":"https:\/\/hondaotothuynguyen.com.vn\/en\/wp-json\/wp\/v2\/pages\/14633","targetHints":{"allow":["GET"]}}],"collection":[{"href":"https:\/\/hondaotothuynguyen.com.vn\/en\/wp-json\/wp\/v2\/pages"}],"about":[{"href":"https:\/\/hondaotothuynguyen.com.vn\/en\/wp-json\/wp\/v2\/types\/page"}],"author":[{"embeddable":true,"href":"https:\/\/hondaotothuynguyen.com.vn\/en\/wp-json\/wp\/v2\/users\/7"}],"replies":[{"embeddable":true,"href":"https:\/\/hondaotothuynguyen.com.vn\/en\/wp-json\/wp\/v2\/comments?post=14633"}],"version-history":[{"count":1,"href":"https:\/\/hondaotothuynguyen.com.vn\/en\/wp-json\/wp\/v2\/pages\/14633\/revisions"}],"predecessor-version":[{"id":14637,"href":"https:\/\/hondaotothuynguyen.com.vn\/en\/wp-json\/wp\/v2\/pages\/14633\/revisions\/14637"}],"wp:featuredmedia":[{"embeddable":true,"href":"https:\/\/hondaotothuynguyen.com.vn\/en\/wp-json\/wp\/v2\/media\/14636"}],"wp:attachment":[{"href":"https:\/\/hondaotothuynguyen.com.vn\/en\/wp-json\/wp\/v2\/media?parent=14633"}],"wp:term":[{"taxonomy":"category","embeddable":true,"href":"https:\/\/hondaotothuynguyen.com.vn\/en\/wp-json\/wp\/v2\/categories?post=14633"},{"taxonomy":"post_tag","embeddable":true,"href":"https:\/\/hondaotothuynguyen.com.vn\/en\/wp-json\/wp\/v2\/tags?post=14633"}],"curies":[{"name":"wp","href":"https:\/\/api.w.org\/{rel}","templated":true}]}}