{"id":12357,"date":"2023-02-23T13:39:36","date_gmt":"2023-02-23T13:39:36","guid":{"rendered":"https:\/\/autodongson.com\/?page_id=12357"},"modified":"2023-03-07T09:13:13","modified_gmt":"2023-03-07T09:13:13","slug":"honda-city","status":"publish","type":"page","link":"https:\/\/hondaotothuynguyen.com.vn\/en\/honda-city\/","title":{"rendered":"Honda City"},"content":{"rendered":"<div data-elementor-type=\"wp-page\" data-elementor-id=\"12357\" class=\"elementor elementor-12357\">\n\t\t\t\t\t\t\t\t\t<section class=\"elementor-section elementor-top-section elementor-element elementor-element-7206bba9 elementor-section-boxed elementor-section-height-default elementor-section-height-default wpr-particle-no wpr-jarallax-no wpr-parallax-no wpr-sticky-section-no\" data-id=\"7206bba9\" data-element_type=\"section\">\n\t\t\t\t\t\t<div class=\"elementor-container elementor-column-gap-default\">\n\t\t\t\t\t<div class=\"elementor-column elementor-col-50 elementor-top-column elementor-element elementor-element-7fef2d48\" data-id=\"7fef2d48\" data-element_type=\"column\">\n\t\t\t<div class=\"elementor-widget-wrap elementor-element-populated\">\n\t\t\t\t\t\t\t\t<div class=\"elementor-element elementor-element-6ff5aea1 elementor-widget elementor-widget-heading\" data-id=\"6ff5aea1\" data-element_type=\"widget\" data-widget_type=\"heading.default\">\n\t\t\t\t<div class=\"elementor-widget-container\">\n\t\t\t<style>\/*! elementor - v3.9.0 - 06-12-2022 *\/\n.elementor-heading-title{padding:0;margin:0;line-height:1}.elementor-widget-heading .elementor-heading-title[class*=elementor-size-]>a{color:inherit;font-size:inherit;line-height:inherit}.elementor-widget-heading .elementor-heading-title.elementor-size-small{font-size:15px}.elementor-widget-heading .elementor-heading-title.elementor-size-medium{font-size:19px}.elementor-widget-heading .elementor-heading-title.elementor-size-large{font-size:29px}.elementor-widget-heading .elementor-heading-title.elementor-size-xl{font-size:39px}.elementor-widget-heading .elementor-heading-title.elementor-size-xxl{font-size:59px}<\/style><h3 class=\"elementor-heading-title elementor-size-default\">HONDA CITY<\/h3>\t\t<\/div>\n\t\t\t\t<\/div>\n\t\t\t\t\t<\/div>\n\t\t<\/div>\n\t\t\t\t<div class=\"elementor-column elementor-col-50 elementor-top-column elementor-element elementor-element-68d0c372\" data-id=\"68d0c372\" data-element_type=\"column\">\n\t\t\t<div class=\"elementor-widget-wrap elementor-element-populated\">\n\t\t\t\t\t\t\t\t<div class=\"elementor-element elementor-element-cbe84aa elementor-widget elementor-widget-heading\" data-id=\"cbe84aa\" data-element_type=\"widget\" data-widget_type=\"heading.default\">\n\t\t\t\t<div class=\"elementor-widget-container\">\n\t\t\t<h3 class=\"elementor-heading-title elementor-size-default\">529.000.000 \u0110<\/h3>\t\t<\/div>\n\t\t\t\t<\/div>\n\t\t\t\t\t<\/div>\n\t\t<\/div>\n\t\t\t\t\t\t\t<\/div>\n\t\t<\/section>\n\t\t\t\t<section class=\"elementor-section elementor-top-section elementor-element elementor-element-36c76cf0 elementor-section-stretched elementor-section-boxed elementor-section-height-default elementor-section-height-default wpr-particle-no wpr-jarallax-no wpr-parallax-no wpr-sticky-section-no\" data-id=\"36c76cf0\" data-element_type=\"section\" data-settings=\"{&quot;stretch_section&quot;:&quot;section-stretched&quot;}\">\n\t\t\t\t\t\t<div class=\"elementor-container elementor-column-gap-default\">\n\t\t\t\t\t<div class=\"elementor-column elementor-col-33 elementor-top-column elementor-element elementor-element-7b7ffda6\" data-id=\"7b7ffda6\" data-element_type=\"column\">\n\t\t\t<div class=\"elementor-widget-wrap elementor-element-populated\">\n\t\t\t\t\t\t\t\t<div class=\"elementor-element elementor-element-772e457 elementor-widget elementor-widget-cdhl_button\" data-id=\"772e457\" data-element_type=\"widget\" data-widget_type=\"cdhl_button.default\">\n\t\t\t\t<div class=\"elementor-widget-container\">\n\t\t\t\t<div class=\"cdhl_button_wrapper align-center btn-block\">\n\t\t<a target=\"_blank\" rel=\"nofollow\" href=\"https:\/\/autodongson.com\/dang-ky-lai-thu\/\" class=\"button pgs_btn default medium\">\n\t\t\t\t\t\t\t<span class=\"button-icon icon-position-left\">\n\t\t\t\t<i aria-hidden=\"true\" class=\"fas fa-tachometer-alt\"><\/i>\t\t\t\t<\/span>\n\t\t\t\t\t\t\t\u0110\u0102NG K\u00dd L\u00c1I TH\u1eec\t\t\t\t\t<\/a>\n\t<\/div>\n\t\t\t<\/div>\n\t\t\t\t<\/div>\n\t\t\t\t\t<\/div>\n\t\t<\/div>\n\t\t\t\t<div class=\"elementor-column elementor-col-33 elementor-top-column elementor-element elementor-element-b653542\" data-id=\"b653542\" data-element_type=\"column\">\n\t\t\t<div class=\"elementor-widget-wrap elementor-element-populated\">\n\t\t\t\t\t\t\t\t<div class=\"elementor-element elementor-element-7fc4fb02 elementor-widget elementor-widget-cdhl_button\" data-id=\"7fc4fb02\" data-element_type=\"widget\" data-widget_type=\"cdhl_button.default\">\n\t\t\t\t<div class=\"elementor-widget-container\">\n\t\t\t\t<div class=\"cdhl_button_wrapper align-center btn-block\">\n\t\t<a target=\"_blank\" rel=\"nofollow\" href=\"https:\/\/autodongson.com\/du-toan-chi-phi\/\" class=\"button pgs_btn default medium\">\n\t\t\t\t\t\t\t<span class=\"button-icon icon-position-left\">\n\t\t\t\t<i aria-hidden=\"true\" class=\"fas fa-coins\"><\/i>\t\t\t\t<\/span>\n\t\t\t\t\t\t\tD\u1ef0 TO\u00c1N CHI PH\u00cd\t\t\t\t\t<\/a>\n\t<\/div>\n\t\t\t<\/div>\n\t\t\t\t<\/div>\n\t\t\t\t\t<\/div>\n\t\t<\/div>\n\t\t\t\t<div class=\"elementor-column elementor-col-33 elementor-top-column elementor-element elementor-element-7ee4bd4d\" data-id=\"7ee4bd4d\" data-element_type=\"column\">\n\t\t\t<div class=\"elementor-widget-wrap elementor-element-populated\">\n\t\t\t\t\t\t\t\t<div class=\"elementor-element elementor-element-21e066e6 elementor-widget elementor-widget-cdhl_button\" data-id=\"21e066e6\" data-element_type=\"widget\" data-widget_type=\"cdhl_button.default\">\n\t\t\t\t<div class=\"elementor-widget-container\">\n\t\t\t\t<div class=\"cdhl_button_wrapper align-center btn-block\">\n\t\t<a target=\"_blank\" rel=\"nofollow\" href=\"https:\/\/www.honda.com.vn\/\" class=\"button pgs_btn default medium\">\n\t\t\t\t\t\t\t<span class=\"button-icon icon-position-left\">\n\t\t\t\t<i aria-hidden=\"true\" class=\"fas fa-arrow-circle-right\"><\/i>\t\t\t\t<\/span>\n\t\t\t\t\t\t\tXEM TH\u00caM\t\t\t\t\t<\/a>\n\t<\/div>\n\t\t\t<\/div>\n\t\t\t\t<\/div>\n\t\t\t\t\t<\/div>\n\t\t<\/div>\n\t\t\t\t\t\t\t<\/div>\n\t\t<\/section>\n\t\t\t\t<section class=\"elementor-section elementor-top-section elementor-element elementor-element-39587a0 elementor-section-boxed elementor-section-height-default elementor-section-height-default wpr-particle-no wpr-jarallax-no wpr-parallax-no wpr-sticky-section-no\" data-id=\"39587a0\" data-element_type=\"section\" data-settings=\"{&quot;background_background&quot;:&quot;classic&quot;}\">\n\t\t\t\t\t\t<div class=\"elementor-container elementor-column-gap-default\">\n\t\t\t\t\t<div class=\"elementor-column elementor-col-100 elementor-top-column elementor-element elementor-element-6d4a722\" data-id=\"6d4a722\" data-element_type=\"column\">\n\t\t\t<div class=\"elementor-widget-wrap elementor-element-populated\">\n\t\t\t\t\t\t\t\t<div class=\"elementor-element elementor-element-60ef98c elementor-widget elementor-widget-image\" data-id=\"60ef98c\" data-element_type=\"widget\" data-widget_type=\"image.default\">\n\t\t\t\t<div class=\"elementor-widget-container\">\n\t\t\t<style>\/*! elementor - v3.9.0 - 06-12-2022 *\/\n.elementor-widget-image{text-align:center}.elementor-widget-image a{display:inline-block}.elementor-widget-image a img[src$=\".svg\"]{width:48px}.elementor-widget-image img{vertical-align:middle;display:inline-block}<\/style>\t\t\t\t\t\t\t\t\t\t\t\t<img loading=\"lazy\" decoding=\"async\" width=\"1366\" height=\"1787\" src=\"https:\/\/hondaotothuynguyen.com.vn\/wp-content\/uploads\/2023\/03\/t1.jpg\" class=\"attachment-full size-full wp-image-12647\" alt=\"\" srcset=\"https:\/\/hondaotothuynguyen.com.vn\/wp-content\/uploads\/2023\/03\/t1.jpg 1366w, https:\/\/hondaotothuynguyen.com.vn\/wp-content\/uploads\/2023\/03\/t1-229x300.jpg 229w, https:\/\/hondaotothuynguyen.com.vn\/wp-content\/uploads\/2023\/03\/t1-783x1024.jpg 783w, https:\/\/hondaotothuynguyen.com.vn\/wp-content\/uploads\/2023\/03\/t1-768x1005.jpg 768w, https:\/\/hondaotothuynguyen.com.vn\/wp-content\/uploads\/2023\/03\/t1-1174x1536.jpg 1174w, https:\/\/hondaotothuynguyen.com.vn\/wp-content\/uploads\/2023\/03\/t1-9x12.jpg 9w\" sizes=\"auto, (max-width: 1366px) 100vw, 1366px\" \/>\t\t\t\t\t\t\t\t\t\t\t\t\t\t\t<\/div>\n\t\t\t\t<\/div>\n\t\t\t\t<div class=\"elementor-element elementor-element-ecae597 elementor-widget elementor-widget-image\" data-id=\"ecae597\" data-element_type=\"widget\" data-widget_type=\"image.default\">\n\t\t\t\t<div class=\"elementor-widget-container\">\n\t\t\t\t\t\t\t\t\t\t\t\t\t\t\t<img loading=\"lazy\" decoding=\"async\" width=\"1163\" height=\"2560\" src=\"https:\/\/hondaotothuynguyen.com.vn\/wp-content\/uploads\/2023\/02\/city-04-scaled.jpg\" class=\"attachment-full size-full wp-image-12362\" alt=\"\" srcset=\"https:\/\/hondaotothuynguyen.com.vn\/wp-content\/uploads\/2023\/02\/city-04-scaled.jpg 1163w, https:\/\/hondaotothuynguyen.com.vn\/wp-content\/uploads\/2023\/02\/city-04-136x300.jpg 136w, https:\/\/hondaotothuynguyen.com.vn\/wp-content\/uploads\/2023\/02\/city-04-465x1024.jpg 465w, https:\/\/hondaotothuynguyen.com.vn\/wp-content\/uploads\/2023\/02\/city-04-768x1691.jpg 768w, https:\/\/hondaotothuynguyen.com.vn\/wp-content\/uploads\/2023\/02\/city-04-698x1536.jpg 698w, https:\/\/hondaotothuynguyen.com.vn\/wp-content\/uploads\/2023\/02\/city-04-930x2048.jpg 930w, https:\/\/hondaotothuynguyen.com.vn\/wp-content\/uploads\/2023\/02\/city-04-5x12.jpg 5w\" sizes=\"auto, (max-width: 1163px) 100vw, 1163px\" \/>\t\t\t\t\t\t\t\t\t\t\t\t\t\t\t<\/div>\n\t\t\t\t<\/div>\n\t\t\t\t<div class=\"elementor-element elementor-element-0ba3580 elementor-widget elementor-widget-image\" data-id=\"0ba3580\" data-element_type=\"widget\" data-widget_type=\"image.default\">\n\t\t\t\t<div class=\"elementor-widget-container\">\n\t\t\t\t\t\t\t\t\t\t\t\t\t\t\t<img loading=\"lazy\" decoding=\"async\" width=\"1336\" height=\"2560\" src=\"https:\/\/hondaotothuynguyen.com.vn\/wp-content\/uploads\/2023\/03\/city-1.jpg\" class=\"attachment-full size-full wp-image-12677\" alt=\"\" srcset=\"https:\/\/hondaotothuynguyen.com.vn\/wp-content\/uploads\/2023\/03\/city-1.jpg 1336w, https:\/\/hondaotothuynguyen.com.vn\/wp-content\/uploads\/2023\/03\/city-1-157x300.jpg 157w, https:\/\/hondaotothuynguyen.com.vn\/wp-content\/uploads\/2023\/03\/city-1-534x1024.jpg 534w, https:\/\/hondaotothuynguyen.com.vn\/wp-content\/uploads\/2023\/03\/city-1-768x1472.jpg 768w, https:\/\/hondaotothuynguyen.com.vn\/wp-content\/uploads\/2023\/03\/city-1-802x1536.jpg 802w, https:\/\/hondaotothuynguyen.com.vn\/wp-content\/uploads\/2023\/03\/city-1-1069x2048.jpg 1069w, https:\/\/hondaotothuynguyen.com.vn\/wp-content\/uploads\/2023\/03\/city-1-6x12.jpg 6w\" sizes=\"auto, (max-width: 1336px) 100vw, 1336px\" \/>\t\t\t\t\t\t\t\t\t\t\t\t\t\t\t<\/div>\n\t\t\t\t<\/div>\n\t\t\t\t<div class=\"elementor-element elementor-element-0695db4 elementor-widget elementor-widget-image\" data-id=\"0695db4\" data-element_type=\"widget\" data-widget_type=\"image.default\">\n\t\t\t\t<div class=\"elementor-widget-container\">\n\t\t\t\t\t\t\t\t\t\t\t\t\t\t\t<img loading=\"lazy\" decoding=\"async\" width=\"1386\" height=\"2560\" src=\"https:\/\/hondaotothuynguyen.com.vn\/wp-content\/uploads\/2023\/02\/city-scaled.jpg\" class=\"attachment-full size-full wp-image-12457\" alt=\"\" srcset=\"https:\/\/hondaotothuynguyen.com.vn\/wp-content\/uploads\/2023\/02\/city-scaled.jpg 1386w, https:\/\/hondaotothuynguyen.com.vn\/wp-content\/uploads\/2023\/02\/city-162x300.jpg 162w, https:\/\/hondaotothuynguyen.com.vn\/wp-content\/uploads\/2023\/02\/city-554x1024.jpg 554w, https:\/\/hondaotothuynguyen.com.vn\/wp-content\/uploads\/2023\/02\/city-768x1419.jpg 768w, https:\/\/hondaotothuynguyen.com.vn\/wp-content\/uploads\/2023\/02\/city-832x1536.jpg 832w, https:\/\/hondaotothuynguyen.com.vn\/wp-content\/uploads\/2023\/02\/city-1109x2048.jpg 1109w, https:\/\/hondaotothuynguyen.com.vn\/wp-content\/uploads\/2023\/02\/city-6x12.jpg 6w\" sizes=\"auto, (max-width: 1386px) 100vw, 1386px\" \/>\t\t\t\t\t\t\t\t\t\t\t\t\t\t\t<\/div>\n\t\t\t\t<\/div>\n\t\t\t\t<div class=\"elementor-element elementor-element-8fe206d elementor-widget elementor-widget-image\" data-id=\"8fe206d\" data-element_type=\"widget\" data-widget_type=\"image.default\">\n\t\t\t\t<div class=\"elementor-widget-container\">\n\t\t\t\t\t\t\t\t\t\t\t\t\t\t\t<img loading=\"lazy\" decoding=\"async\" width=\"1642\" height=\"1352\" src=\"https:\/\/hondaotothuynguyen.com.vn\/wp-content\/uploads\/2023\/02\/city-5.jpg\" class=\"attachment-full size-full wp-image-12455\" alt=\"\" srcset=\"https:\/\/hondaotothuynguyen.com.vn\/wp-content\/uploads\/2023\/02\/city-5.jpg 1642w, https:\/\/hondaotothuynguyen.com.vn\/wp-content\/uploads\/2023\/02\/city-5-300x247.jpg 300w, https:\/\/hondaotothuynguyen.com.vn\/wp-content\/uploads\/2023\/02\/city-5-1024x843.jpg 1024w, https:\/\/hondaotothuynguyen.com.vn\/wp-content\/uploads\/2023\/02\/city-5-768x632.jpg 768w, https:\/\/hondaotothuynguyen.com.vn\/wp-content\/uploads\/2023\/02\/city-5-1536x1265.jpg 1536w, https:\/\/hondaotothuynguyen.com.vn\/wp-content\/uploads\/2023\/02\/city-5-15x12.jpg 15w\" sizes=\"auto, (max-width: 1642px) 100vw, 1642px\" \/>\t\t\t\t\t\t\t\t\t\t\t\t\t\t\t<\/div>\n\t\t\t\t<\/div>\n\t\t\t\t\t<\/div>\n\t\t<\/div>\n\t\t\t\t\t\t\t<\/div>\n\t\t<\/section>\n\t\t\t\t\t\t\t<\/div>","protected":false},"excerpt":{"rendered":"<p>HONDA CITY 529.000.000 \u0110 \u0110\u0102NG K\u00dd L\u00c1I TH\u1eec D\u1ef0 TO\u00c1N CHI PH\u00cd XEM TH\u00caM<\/p>","protected":false},"author":1,"featured_media":0,"parent":0,"menu_order":0,"comment_status":"closed","ping_status":"closed","template":"elementor_header_footer","meta":{"_seopress_robots_primary_cat":"","footnotes":""},"categories":[],"tags":[],"class_list":["post-12357","page","type-page","status-publish","hentry"],"acf":[],"_links":{"self":[{"href":"https:\/\/hondaotothuynguyen.com.vn\/en\/wp-json\/wp\/v2\/pages\/12357","targetHints":{"allow":["GET"]}}],"collection":[{"href":"https:\/\/hondaotothuynguyen.com.vn\/en\/wp-json\/wp\/v2\/pages"}],"about":[{"href":"https:\/\/hondaotothuynguyen.com.vn\/en\/wp-json\/wp\/v2\/types\/page"}],"author":[{"embeddable":true,"href":"https:\/\/hondaotothuynguyen.com.vn\/en\/wp-json\/wp\/v2\/users\/1"}],"replies":[{"embeddable":true,"href":"https:\/\/hondaotothuynguyen.com.vn\/en\/wp-json\/wp\/v2\/comments?post=12357"}],"version-history":[{"count":13,"href":"https:\/\/hondaotothuynguyen.com.vn\/en\/wp-json\/wp\/v2\/pages\/12357\/revisions"}],"predecessor-version":[{"id":12680,"href":"https:\/\/hondaotothuynguyen.com.vn\/en\/wp-json\/wp\/v2\/pages\/12357\/revisions\/12680"}],"wp:attachment":[{"href":"https:\/\/hondaotothuynguyen.com.vn\/en\/wp-json\/wp\/v2\/media?parent=12357"}],"wp:term":[{"taxonomy":"category","embeddable":true,"href":"https:\/\/hondaotothuynguyen.com.vn\/en\/wp-json\/wp\/v2\/categories?post=12357"},{"taxonomy":"post_tag","embeddable":true,"href":"https:\/\/hondaotothuynguyen.com.vn\/en\/wp-json\/wp\/v2\/tags?post=12357"}],"curies":[{"name":"wp","href":"https:\/\/api.w.org\/{rel}","templated":true}]}}