{"id":10810,"date":"2023-02-20T10:34:54","date_gmt":"2023-02-20T10:34:54","guid":{"rendered":"https:\/\/localhost\/cardealer\/?page_id=10810"},"modified":"2023-03-15T04:08:46","modified_gmt":"2023-03-15T04:08:46","slug":"bao-duong-dinh-ky","status":"publish","type":"page","link":"https:\/\/hondaotothuynguyen.com.vn\/en\/bao-duong-dinh-ky\/","title":{"rendered":"B\u1ea2O D\u01af\u1ee0NG \u0110\u1ecaNH K\u1ef2"},"content":{"rendered":"<div data-elementor-type=\"wp-page\" data-elementor-id=\"10810\" class=\"elementor elementor-10810\">\n\t\t\t\t\t\t\t\t\t<section class=\"elementor-section elementor-top-section elementor-element elementor-element-e082930 elementor-section-boxed elementor-section-height-default elementor-section-height-default wpr-particle-no wpr-jarallax-no wpr-parallax-no wpr-sticky-section-no\" data-id=\"e082930\" data-element_type=\"section\">\n\t\t\t\t\t\t<div class=\"elementor-container elementor-column-gap-default\">\n\t\t\t\t\t<div class=\"elementor-column elementor-col-100 elementor-top-column elementor-element elementor-element-e5cf891\" data-id=\"e5cf891\" data-element_type=\"column\">\n\t\t\t<div class=\"elementor-widget-wrap elementor-element-populated\">\n\t\t\t\t\t\t\t\t<div class=\"elementor-element elementor-element-bc9c72d elementor-widget elementor-widget-slider_revolution\" data-id=\"bc9c72d\" data-element_type=\"widget\" data-widget_type=\"slider_revolution.default\">\n\t\t\t\t<div class=\"elementor-widget-container\">\n\t\t\t\r\n\t\t<div class=\"wp-block-themepunch-revslider\">\n\t\t\t<!-- START Slider 1 REVOLUTION SLIDER 6.5.19 --><p class=\"rs-p-wp-fix\"><\/p>\n\t\t\t<rs-module-wrap id=\"rev_slider_2_1_wrapper\" data-source=\"gallery\" style=\"visibility:hidden;background:transparent;padding:0;margin:0px auto;margin-top:0;margin-bottom:0;\">\n\t\t\t\t<rs-module id=\"rev_slider_2_1\" style=\"\" data-version=\"6.5.19\">\n\t\t\t\t\t<rs-slides>\n\t\t\t\t\t\t<rs-slide style=\"position: absolute;\" data-key=\"rs-24\" data-title=\"Slide\" data-in=\"o:0;\" data-out=\"a:false;\">\n\t\t\t\t\t\t\t<img loading=\"lazy\" decoding=\"async\" src=\"\/\/hondaotothuynguyen.com.vn\/wp-content\/plugins\/revslider\/public\/assets\/assets\/dummy.png\" alt=\"fockc3xvskaaekryvbvn\" title=\"fockc3xvskaaekryvbvn\" width=\"3006\" height=\"876\" class=\"rev-slidebg tp-rs-img rs-lazyload\" data-lazyload=\"\/\/hondaotothuynguyen.com.vn\/wp-content\/uploads\/2025\/04\/fockc3xvskaaekryvbvn.png\" data-no-retina>\n<!---->\t\t\t\t\t\t<\/rs-slide>\n\t\t\t\t\t\t<rs-slide style=\"position: absolute;\" data-key=\"rs-7\" data-title=\"Slide\" data-in=\"o:0;\" data-out=\"a:false;\">\n\t\t\t\t\t\t\t<img loading=\"lazy\" decoding=\"async\" src=\"\/\/hondaotothuynguyen.com.vn\/wp-content\/plugins\/revslider\/public\/assets\/assets\/dummy.png\" alt=\"yjitwbehgamlbwzhy8ts\" title=\"yjitwbehgamlbwzhy8ts\" width=\"1920\" height=\"560\" class=\"rev-slidebg tp-rs-img rs-lazyload\" data-lazyload=\"\/\/hondaotothuynguyen.com.vn\/wp-content\/uploads\/2024\/09\/yjitwbehgamlbwzhy8ts.png\" data-no-retina>\n<!---->\t\t\t\t\t\t<\/rs-slide>\n\t\t\t\t\t\t<rs-slide style=\"position: absolute;\" data-key=\"rs-20\" data-title=\"Slide\" data-in=\"o:0;\" data-out=\"a:false;\">\n\t\t\t\t\t\t\t<img loading=\"lazy\" decoding=\"async\" src=\"\/\/hondaotothuynguyen.com.vn\/wp-content\/plugins\/revslider\/public\/assets\/assets\/dummy.png\" alt=\"h551eqd4b4hjlo6duzoi\" title=\"h551eqd4b4hjlo6duzoi\" width=\"1440\" height=\"582\" class=\"rev-slidebg tp-rs-img rs-lazyload\" data-lazyload=\"\/\/hondaotothuynguyen.com.vn\/wp-content\/uploads\/2024\/11\/h551eqd4b4hjlo6duzoi.png\" data-no-retina>\n<!---->\t\t\t\t\t\t<\/rs-slide>\n\t\t\t\t\t\t<rs-slide style=\"position: absolute;\" data-key=\"rs-25\" data-title=\"Slide\" data-in=\"o:0;\" data-out=\"a:false;\">\n\t\t\t\t\t\t\t<img loading=\"lazy\" decoding=\"async\" src=\"\/\/hondaotothuynguyen.com.vn\/wp-content\/plugins\/revslider\/public\/assets\/assets\/dummy.png\" alt=\"thi\u1ebft k\u1ebf ch\u01b0a c\u00f3 t\u00ean (2)\" title=\"thi\u1ebft k\u1ebf ch\u01b0a c\u00f3 t\u00ean (2)\" width=\"2048\" height=\"1152\" class=\"rev-slidebg tp-rs-img rs-lazyload\" data-lazyload=\"\/\/hondaotothuynguyen.com.vn\/wp-content\/uploads\/2025\/04\/thiet-ke-chua-co-ten-2.png\" data-no-retina>\n<!---->\t\t\t\t\t\t<\/rs-slide>\n\t\t\t\t\t<\/rs-slides>\n\t\t\t\t<\/rs-module>\n\t\t\t\t<script>\n\t\t\t\t\tsetREVStartSize({c: 'rev_slider_2_1',rl:[1240,1024,778,480],el:[560,768,960,720],gw:[1920,1920,1920,1920],gh:[560,560,560,560],type:'standard',justify:'',layout:'fullwidth',mh:\"0\"});if (window.RS_MODULES!==undefined && window.RS_MODULES.modules!==undefined && window.RS_MODULES.modules[\"revslider21\"]!==undefined) {window.RS_MODULES.modules[\"revslider21\"].once = false;window.revapi2 = undefined;if (window.RS_MODULES.checkMinimal!==undefined) window.RS_MODULES.checkMinimal()}\n\t\t\t\t<\/script>\n\t\t\t<\/rs-module-wrap>\n\t\t\t<!-- END REVOLUTION SLIDER -->\n<\/div>\r\n\r\n\t\t\t\t<\/div>\n\t\t\t\t<\/div>\n\t\t\t\t\t<\/div>\n\t\t<\/div>\n\t\t\t\t\t\t\t<\/div>\n\t\t<\/section>\n\t\t\t\t<section class=\"elementor-section elementor-top-section elementor-element elementor-element-6b0c elementor-section-boxed elementor-section-height-default elementor-section-height-default wpr-particle-no wpr-jarallax-no wpr-parallax-no wpr-sticky-section-no\" data-id=\"6b0c\" data-element_type=\"section\">\n\t\t\t\t\t\t<div class=\"elementor-container elementor-column-gap-default\">\n\t\t\t\t\t<div class=\"elementor-column elementor-col-100 elementor-top-column elementor-element elementor-element-663f\" data-id=\"663f\" data-element_type=\"column\">\n\t\t\t<div class=\"elementor-widget-wrap elementor-element-populated\">\n\t\t\t\t\t\t\t\t<div class=\"elementor-element elementor-element-3fe5 elementor-widget elementor-widget-cdhl_section-title\" data-id=\"3fe5\" data-element_type=\"widget\" data-widget_type=\"cdhl_section-title.default\">\n\t\t\t\t<div class=\"elementor-widget-container\">\n\t\t\t<div class=\"cdhl_section-title_wrapper\">\n\t<div class=\"section-title text-center style_1\" id=\"3fe5\">\n\t\t\t<span class=\"sub-title\">B\u1ea3o d\u01b0\u1ee1ng \u0111\u1ecbnh k\u1ef3 l\u00e0 ki\u1ec3m tra, s\u1eeda ch\u1eefa v\u00e0 thay th\u1ebf \u0111\u1ec3 \u0111\u1ea3m b\u1ea3o ho\u1ea1t \u0111\u1ed9ng t\u1ed1t nh\u1ea5t cho xe<\/span>\n\t\t<h2 class=\"main-title\">\n\t\t\tB\u1ea2O D\u01af\u1ee0NG \u0110\u1ecaNH K\u1ef2\t\t<\/h2>\n\t\t\t\t\t<div class=\"separator\"><\/div>\n\t\t\t\t<\/div>\n<\/div>\n\t\t<\/div>\n\t\t\t\t<\/div>\n\t\t\t\t\t<\/div>\n\t\t<\/div>\n\t\t\t\t\t\t\t<\/div>\n\t\t<\/section>\n\t\t\t\t<section class=\"elementor-section elementor-top-section elementor-element elementor-element-47f6f5a elementor-section-boxed elementor-section-height-default elementor-section-height-default wpr-particle-no wpr-jarallax-no wpr-parallax-no wpr-sticky-section-no\" data-id=\"47f6f5a\" data-element_type=\"section\">\n\t\t\t\t\t\t<div class=\"elementor-container elementor-column-gap-default\">\n\t\t\t\t\t<div class=\"elementor-column elementor-col-50 elementor-top-column elementor-element elementor-element-5d6cd62\" data-id=\"5d6cd62\" data-element_type=\"column\">\n\t\t\t<div class=\"elementor-widget-wrap elementor-element-populated\">\n\t\t\t\t\t\t\t\t<div class=\"elementor-element elementor-element-7d33054 elementor-widget elementor-widget-image\" data-id=\"7d33054\" data-element_type=\"widget\" data-widget_type=\"image.default\">\n\t\t\t\t<div class=\"elementor-widget-container\">\n\t\t\t<style>\/*! elementor - v3.9.0 - 06-12-2022 *\/\n.elementor-widget-image{text-align:center}.elementor-widget-image a{display:inline-block}.elementor-widget-image a img[src$=\".svg\"]{width:48px}.elementor-widget-image img{vertical-align:middle;display:inline-block}<\/style>\t\t\t\t\t\t\t\t\t\t\t\t<img loading=\"lazy\" decoding=\"async\" width=\"284\" height=\"213\" src=\"https:\/\/hondaotothuynguyen.com.vn\/wp-content\/uploads\/2023\/03\/bao-duong-dinh-ky-1.jpg\" class=\"attachment-large size-large wp-image-12495\" alt=\"b\u1ea3o d\u01b0\u1ee1ng \u0111\u1ecbnh k\u1ef3\" srcset=\"https:\/\/hondaotothuynguyen.com.vn\/wp-content\/uploads\/2023\/03\/bao-duong-dinh-ky-1.jpg 284w, https:\/\/hondaotothuynguyen.com.vn\/wp-content\/uploads\/2023\/03\/bao-duong-dinh-ky-1-16x12.jpg 16w\" sizes=\"auto, (max-width: 284px) 100vw, 284px\" \/>\t\t\t\t\t\t\t\t\t\t\t\t\t\t\t<\/div>\n\t\t\t\t<\/div>\n\t\t\t\t<div class=\"elementor-element elementor-element-3d63932 elementor-widget elementor-widget-image\" data-id=\"3d63932\" data-element_type=\"widget\" data-widget_type=\"image.default\">\n\t\t\t\t<div class=\"elementor-widget-container\">\n\t\t\t\t\t\t\t\t\t\t\t\t\t\t\t<img loading=\"lazy\" decoding=\"async\" width=\"298\" height=\"179\" src=\"https:\/\/hondaotothuynguyen.com.vn\/wp-content\/uploads\/2023\/03\/bao-duong-dinh-ky-2.jpg\" class=\"attachment-large size-large wp-image-12494\" alt=\"b\u1ea3o d\u01b0\u1ee1ng \u0111\u1ecbnh k\u1ef3\" srcset=\"https:\/\/hondaotothuynguyen.com.vn\/wp-content\/uploads\/2023\/03\/bao-duong-dinh-ky-2.jpg 298w, https:\/\/hondaotothuynguyen.com.vn\/wp-content\/uploads\/2023\/03\/bao-duong-dinh-ky-2-18x12.jpg 18w, https:\/\/hondaotothuynguyen.com.vn\/wp-content\/uploads\/2023\/03\/bao-duong-dinh-ky-2-124x74.jpg 124w\" sizes=\"auto, (max-width: 298px) 100vw, 298px\" \/>\t\t\t\t\t\t\t\t\t\t\t\t\t\t\t<\/div>\n\t\t\t\t<\/div>\n\t\t\t\t\t<\/div>\n\t\t<\/div>\n\t\t\t\t<div class=\"elementor-column elementor-col-50 elementor-top-column elementor-element elementor-element-bb490dc\" data-id=\"bb490dc\" data-element_type=\"column\">\n\t\t\t<div class=\"elementor-widget-wrap elementor-element-populated\">\n\t\t\t\t\t\t\t\t<div class=\"elementor-element elementor-element-35ad460 elementor-widget elementor-widget-text-editor\" data-id=\"35ad460\" data-element_type=\"widget\" data-widget_type=\"text-editor.default\">\n\t\t\t\t<div class=\"elementor-widget-container\">\n\t\t\t<style>\/*! elementor - v3.9.0 - 06-12-2022 *\/\n.elementor-widget-text-editor.elementor-drop-cap-view-stacked .elementor-drop-cap{background-color:#818a91;color:#fff}.elementor-widget-text-editor.elementor-drop-cap-view-framed .elementor-drop-cap{color:#818a91;border:3px solid;background-color:transparent}.elementor-widget-text-editor:not(.elementor-drop-cap-view-default) .elementor-drop-cap{margin-top:8px}.elementor-widget-text-editor:not(.elementor-drop-cap-view-default) .elementor-drop-cap-letter{width:1em;height:1em}.elementor-widget-text-editor .elementor-drop-cap{float:left;text-align:center;line-height:1;font-size:50px}.elementor-widget-text-editor .elementor-drop-cap-letter{display:inline-block}<\/style>\t\t\t\t<p class=\"questiton_content_top\">Hi\u1ec7n nay \u00f4 t\u00f4 \u0111\u00e3 tr\u1edf th\u00e0nh ph\u01b0\u01a1ng ti\u1ec7n giao th\u00f4ng ng\u00e0y c\u00e0ng ph\u1ed5 bi\u1ebfn h\u01a1n t\u1ea1i Vi\u1ec7t Nam. Nh\u1eefng ng\u01b0\u1eddi s\u1eed d\u1ee5ng xe mong mu\u1ed1n xe c\u1ee7a h\u1ecd lu\u00f4n trong \u0111i\u1ec1u ki\u1ec7n t\u1ed1t nh\u1ea5t, an to\u00e0n v\u00e0 kinh t\u1ebf.<\/p><p class=\"questiton_content_bottom\">M\u1ed9t s\u1ed1 b\u1ed9 ph\u1eadn c\u1ee7a xe b\u1ecb m\u00f2n m\u1ed9t c\u00e1ch t\u1ef1 nhi\u00ean trong qu\u00e1 tr\u00ecnh v\u1eadn h\u00e0nh. N\u1ebfu ch\u00fang kh\u00f4ng \u0111\u01b0\u1ee3c ki\u1ec3m tra, thay th\u1ebf v\u00e0 b\u1ea3o d\u01b0\u1ee1ng \u0111\u1ecbnh k\u1ef3, c\u00e1c t\u00ednh n\u0103ng ho\u1ea1t \u0111\u1ed9ng s\u1ebd gi\u1ea3m \u0111i, d\u1eabn \u0111\u1ebfn h\u01b0 h\u1ecfng n\u1eb7ng th\u1eadm ch\u00ed g\u00e2y m\u1ea5t an to\u00e0n trong qu\u00e1 tr\u00ecnh s\u1eed d\u1ee5ng.<\/p><div class=\"show_periodic_A\"><h6 class=\"question_example font_bold\">V\u00ed d\u1ee5:<\/h6><ul><li>D\u1ea7u \u0111\u1ed9ng c\u01a1 c\u00f3 ch\u1ee9c n\u0103ng b\u00f4i tr\u01a1n, l\u00e0m k\u00edn, l\u00e0m m\u00e1t, l\u00e0m s\u1ea1ch v\u00e0 ch\u1ed1ng \u0103n m\u00f2n kim lo\u1ea1i \u0111\u1ed1i v\u1edbi c\u00e1c b\u1ed9 ph\u1eadn b\u00ean trong \u0111\u1ed9ng c\u01a1.<\/li><li>C\u00e1c t\u00ednh n\u0103ng c\u1ee7a d\u1ea7u v\u00e0 l\u1ecdc d\u1ea7u s\u1ebd gi\u1ea3m d\u1ea7n, do \u0111\u00f3 b\u1ea1n ph\u1ea3i thay th\u1ebf ch\u00fang \u0111\u1ecbnh k\u1ef3 \u0111\u1ec3 \u0111\u1ed9ng c\u01a1 ho\u1ea1t \u0111\u1ed9ng t\u1ed1t. M\u1ee5c \u0111\u00edch c\u1ee7a b\u1ea3o d\u01b0\u1ee1ng \u0111\u1ecbnh k\u1ef3 l\u00e0 ki\u1ec3m tra, s\u1eeda ch\u1eefa v\u00e0 thay th\u1ebf theo m\u1ed9t l\u1ecbch tr\u00ecnh nh\u1ea5t \u0111\u1ecbnh \u0111\u1ec3 \u0111\u1ea3m b\u1ea3o ho\u1ea1t \u0111\u1ed9ng t\u1ed1t nh\u1ea5t cho t\u1ea5t c\u1ea3 c\u00e1c b\u1ed9 ph\u1eadn tr\u00ean xe. B\u1ea3o d\u01b0\u1ee1ng \u0111\u1ecbnh k\u1ef3 gi\u00fap xe tr\u00e1nh kh\u1ecfi h\u01b0 h\u1ecfng n\u1eb7ng, ti\u1ebft ki\u1ec7m chi ph\u00ed v\u00e0 \u0111\u1ea3m b\u1ea3o t\u00ednh an to\u00e0n cho xe \u00f4t\u00f4. Ngo\u00e0i ra, b\u1ea3o d\u01b0\u1ee1ng \u0111\u1ecbnh k\u1ef3 c\u00f2n gi\u00fap xe c\u1ee7a b\u1ea1n v\u1eadn h\u00e0nh \u0111\u00fang theo c\u00e1c quy \u0111\u1ecbnh v\u1ec1 an to\u00e0n v\u00e0 m\u00f4i tr\u01b0\u1eddng.<\/li><li>B\u1ea3o d\u01b0\u1ee1ng \u0111\u1ecbnh k\u1ef3 l\u00e0 vi\u1ec7c b\u1ea3o d\u01b0\u1ee1ng xe theo m\u1ed9t chu k\u1ef3 nh\u1ea5t \u0111\u1ecbnh (\u0111\u01b0\u1ee3c quy \u0111\u1ecbnh b\u1eb1ng qu\u00e3ng \u0111\u01b0\u1eddng hay th\u1eddi gian s\u1eed d\u1ee5ng).<\/li><li>Th\u1eddi gian v\u00e0 c\u00e1c h\u1ea1ng m\u1ee5c b\u1ea3o d\u01b0\u1ee1ng \u0111\u00e3 \u0111\u01b0\u1ee3c c\u00f4ng ty Honda nghi\u00ean c\u1ee9u ph\u00f9 h\u1ee3p v\u1edbi \u0111i\u1ec1u ki\u1ec7n s\u1eed d\u1ee5ng xe \u1edf Vi\u1ec7t Nam.<\/li><li>Xin tham kh\u1ea3o l\u1ecbch b\u1ea3o d\u01b0\u1ee1ng \u0111\u1ecbnh k\u1ef3 trong s\u00e1ch h\u01b0\u1edbng d\u1eabn s\u1eed d\u1ee5ng ho\u1eb7c trong s\u1ed5 b\u1ea3o h\u00e0nh \u0111\u1ec3 bi\u1ebft chi ti\u1ebft.<\/li><\/ul><\/div><div class=\"show_periodic_B\"><h6 class=\"categories_heading font_bold\">B. N\u1ed8I DUNG C\u00c1C H\u1ea0NG M\u1ee4C B\u1ea2O D\u01af\u1ee0NG:<\/h6><ol><li>Ki\u1ec3m tra ch\u1ee9c n\u0103ng v\u1eadn h\u00e0nh c\u1ee7a h\u1ec7 th\u1ed1ng \u0111i\u1ec1u khi\u1ec3n trong cabin: \u0111\u00e8n, c\u00f2i, g\u1ea1t m\u01b0a, h\u1ec7 th\u1ed1ng tr\u1ee3 l\u1ef1c l\u00e1i, h\u1ec7 th\u1ed1ng \u0111i\u1ec1u h\u00f2a kh\u00f4ng kh\u00ed\u2026<\/li><li>Ki\u1ec3m tra khoang \u0111\u1ed9ng c\u01a1: D\u1ea7u \u0111\u1ed9ng c\u01a1, d\u1ea7u tr\u1ee3 l\u1ef1c l\u00e1i, dung d\u1ecbch l\u00e0m m\u00e1t \u0111\u1ed9ng c\u01a1, d\u1ea7u phanh, d\u00e2y \u0111ai truy\u1ec1n \u0111\u1ed9ng,\u2026<\/li><li>C\u00e1c h\u1ea1ng m\u1ee5c c\u1ea7n thay th\u1ebf \u0111\u1ecbnh k\u1ef3: d\u1ea7u m\u00e1y, b\u1ed9 l\u1ecdc d\u1ea7u \u0111\u1ed9ng c\u01a1, b\u1ed9 l\u1ecdc nhi\u00ean li\u1ec7u, b\u1ed9 l\u1ecdc gi\u00f3\u2026<\/li><li>Ki\u1ec3m tra g\u1ea7m xe: B\u1ea3o d\u01b0\u1ee1ng h\u1ec7 th\u1ed1ng phanh, ki\u1ec3m tra h\u1ec7 th\u1ed1ng treo, l\u1ed1p xe, \u0111\u01b0\u1eddng \u1ed1ng, \u1ed1ng x\u1ea3, \u0111ai \u1ed1c, ki\u1ec3m tra c\u00e1c r\u00f2 r\u1ec9,\u2026<\/li><li>Ki\u1ec3m tra cu\u1ed1i: Sau khi b\u1ea3o d\u01b0\u1ee1ng, xe s\u1ebd \u0111\u01b0\u1ee3c ki\u1ec3m tra: t\u1ed1c \u0111\u1ed9, l\u1ef1c phanh, \u0111\u1ed9 tr\u01b0\u1ee3t ngang, n\u1ed3ng \u0111\u1ed9 kh\u00ed x\u1ea3\u2026<\/li><\/ol><\/div><div class=\"show_periodic_C\"><h6 class=\"impotani_heading font_bold\">C. T\u1ea6M QUAN TR\u1eccNG C\u1ee6A VI\u1ec6C L\u00c0M B\u1ea2O D\u01af\u1ee0NG \u0110\u1ecaNH K\u1ef2 T\u1ea0I \u0110\u1ea0I L\u00dd<\/h6><span class=\"reason\">Ch\u00fang t\u00f4i khuy\u00ean KH mang xe \u0111\u1ebfn l\u00e0m b\u1ea3o d\u01b0\u1ee1ng \u0111\u1ecbnh k\u1ef3 t\u1ea1i c\u00e1c \u0110\u1ea1i l\u00fd c\u1ee7a Honda v\u00ec nh\u1eefng l\u00fd do sau:<\/span><ol><li>C\u00e1c \u0110\u1ea1i l\u00fd Honda l\u00e0 ng\u01b0\u1eddi hi\u1ec3u r\u00f5 v\u1ec1 chi\u1ebfc xe Honda c\u1ee7a b\u1ea1n nh\u1ea5t.<\/li><li>Xe c\u1ee7a b\u1ea1n s\u1ebd \u0111\u01b0\u1ee3c b\u1ea3o d\u01b0\u1ee1ng b\u1edfi \u0111\u1ed9i ng\u0169 K\u1ef9 thu\u1eadt vi\u00ean chuy\u00ean nghi\u1ec7p \u0111\u00e3 \u0111\u01b0\u1ee3c \u0111\u00e0o t\u1ea1o chuy\u00ean s\u00e2u \u0111\u1ec3 c\u00f3 th\u1ec3 b\u1ea3o d\u01b0\u1ee1ng c\u00e1c h\u1ec7 th\u1ed1ng ch\u1ec9 trang b\u1ecb ri\u00eang cho xe \u00f4t\u00f4 Honda c\u1ee7a b\u1ea1n.<\/li><li>KH s\u1ebd \u0111\u01b0\u1ee3c cung c\u1ea5p ph\u1ee5 t\u00f9ng ch\u00ednh h\u00e3ng trong tr\u01b0\u1eddng h\u1ee3p c\u1ea7n thay ph\u1ee5 t\u00f9ng.<\/li><li>C\u00e1c \u0111\u1ea1i l\u00fd c\u1ee7a Honda c\u0169ng ph\u1ee5c v\u1ee5 KH v\u1edbi d\u1ecbch v\u1ee5 b\u1ea3o d\u01b0\u1ee1ng nhanh nh\u1eb1m ti\u1ebft ki\u1ec7m th\u1eddi gian ch\u1edd \u0111\u1ee3i cho KH v\u1edbi chi ph\u00ed kh\u00f4ng \u0111\u1ed5i.<\/li><\/ol><\/div>\t\t\t\t\t\t<\/div>\n\t\t\t\t<\/div>\n\t\t\t\t\t<\/div>\n\t\t<\/div>\n\t\t\t\t\t\t\t<\/div>\n\t\t<\/section>\n\t\t\t\t<section class=\"elementor-section elementor-top-section elementor-element elementor-element-1337535 elementor-section-boxed elementor-section-height-default elementor-section-height-default wpr-particle-no wpr-jarallax-no wpr-parallax-no wpr-sticky-section-no\" data-id=\"1337535\" data-element_type=\"section\">\n\t\t\t\t\t\t<div class=\"elementor-container elementor-column-gap-default\">\n\t\t\t\t\t<div class=\"elementor-column elementor-col-100 elementor-top-column elementor-element elementor-element-a496373\" data-id=\"a496373\" data-element_type=\"column\">\n\t\t\t<div class=\"elementor-widget-wrap elementor-element-populated\">\n\t\t\t\t\t\t\t\t<div class=\"elementor-element elementor-element-5f6a15d elementor-widget elementor-widget-cdhl_section-title\" data-id=\"5f6a15d\" data-element_type=\"widget\" data-widget_type=\"cdhl_section-title.default\">\n\t\t\t\t<div class=\"elementor-widget-container\">\n\t\t\t<div class=\"cdhl_section-title_wrapper\">\n\t<div class=\"section-title text-center style_1\" id=\"5f6a15d\">\n\t\t\t<span class=\"sub-title\">Nhanh h\u01a1n v\u00e0 hi\u1ec7u qu\u1ea3 h\u01a1n \u0110\u1ea3m b\u1ea3o ch\u1ea5t l\u01b0\u1ee3ng theo ti\u00eau chu\u1ea9n Honda<\/span>\n\t\t<h2 class=\"main-title\">\n\t\t\tB\u1ea2O D\u01af\u1ee0NG SI\u00caU T\u1ed0C\t\t<\/h2>\n\t\t\t\t\t<div class=\"separator\"><\/div>\n\t\t\t\t<\/div>\n<\/div>\n\t\t<\/div>\n\t\t\t\t<\/div>\n\t\t\t\t\t<\/div>\n\t\t<\/div>\n\t\t\t\t\t\t\t<\/div>\n\t\t<\/section>\n\t\t\t\t<section class=\"elementor-section elementor-top-section elementor-element elementor-element-2f6b3df elementor-section-boxed elementor-section-height-default elementor-section-height-default wpr-particle-no wpr-jarallax-no wpr-parallax-no wpr-sticky-section-no\" data-id=\"2f6b3df\" data-element_type=\"section\">\n\t\t\t\t\t\t<div class=\"elementor-container elementor-column-gap-default\">\n\t\t\t\t\t<div class=\"elementor-column elementor-col-50 elementor-top-column elementor-element elementor-element-61c5b3c\" data-id=\"61c5b3c\" data-element_type=\"column\">\n\t\t\t<div class=\"elementor-widget-wrap elementor-element-populated\">\n\t\t\t\t\t\t\t\t<div class=\"elementor-element elementor-element-5dab182 elementor-widget elementor-widget-image\" data-id=\"5dab182\" data-element_type=\"widget\" data-widget_type=\"image.default\">\n\t\t\t\t<div class=\"elementor-widget-container\">\n\t\t\t\t\t\t\t\t\t\t\t\t\t\t\t<img loading=\"lazy\" decoding=\"async\" width=\"569\" height=\"319\" src=\"https:\/\/hondaotothuynguyen.com.vn\/wp-content\/uploads\/2023\/03\/st1.png\" class=\"attachment-large size-large wp-image-12498\" alt=\"b\u1ea3o d\u01b0\u1ee1ng \u0111\u1ecbnh k\u1ef3\" srcset=\"https:\/\/hondaotothuynguyen.com.vn\/wp-content\/uploads\/2023\/03\/st1.png 569w, https:\/\/hondaotothuynguyen.com.vn\/wp-content\/uploads\/2023\/03\/st1-300x168.png 300w, https:\/\/hondaotothuynguyen.com.vn\/wp-content\/uploads\/2023\/03\/st1-18x10.png 18w\" sizes=\"auto, (max-width: 569px) 100vw, 569px\" \/>\t\t\t\t\t\t\t\t\t\t\t\t\t\t\t<\/div>\n\t\t\t\t<\/div>\n\t\t\t\t\t<\/div>\n\t\t<\/div>\n\t\t\t\t<div class=\"elementor-column elementor-col-50 elementor-top-column elementor-element elementor-element-20a7014\" data-id=\"20a7014\" data-element_type=\"column\">\n\t\t\t<div class=\"elementor-widget-wrap elementor-element-populated\">\n\t\t\t\t\t\t\t\t<div class=\"elementor-element elementor-element-da6487c elementor-widget elementor-widget-image\" data-id=\"da6487c\" data-element_type=\"widget\" data-widget_type=\"image.default\">\n\t\t\t\t<div class=\"elementor-widget-container\">\n\t\t\t\t\t\t\t\t\t\t\t\t\t\t\t<img loading=\"lazy\" decoding=\"async\" width=\"847\" height=\"469\" src=\"https:\/\/hondaotothuynguyen.com.vn\/wp-content\/uploads\/2023\/03\/st2.png\" class=\"attachment-large size-large wp-image-12497\" alt=\"b\u1ea3o d\u01b0\u1ee1ng \u0111\u1ecbnh k\u1ef3\" srcset=\"https:\/\/hondaotothuynguyen.com.vn\/wp-content\/uploads\/2023\/03\/st2.png 847w, https:\/\/hondaotothuynguyen.com.vn\/wp-content\/uploads\/2023\/03\/st2-300x166.png 300w, https:\/\/hondaotothuynguyen.com.vn\/wp-content\/uploads\/2023\/03\/st2-768x425.png 768w, https:\/\/hondaotothuynguyen.com.vn\/wp-content\/uploads\/2023\/03\/st2-18x10.png 18w\" sizes=\"auto, (max-width: 847px) 100vw, 847px\" \/>\t\t\t\t\t\t\t\t\t\t\t\t\t\t\t<\/div>\n\t\t\t\t<\/div>\n\t\t\t\t\t<\/div>\n\t\t<\/div>\n\t\t\t\t\t\t\t<\/div>\n\t\t<\/section>\n\t\t\t\t<section class=\"elementor-section elementor-top-section elementor-element elementor-element-7795e7b elementor-section-boxed elementor-section-height-default elementor-section-height-default wpr-particle-no wpr-jarallax-no wpr-parallax-no wpr-sticky-section-no\" data-id=\"7795e7b\" data-element_type=\"section\">\n\t\t\t\t\t\t<div class=\"elementor-container elementor-column-gap-default\">\n\t\t\t\t\t<div class=\"elementor-column elementor-col-100 elementor-top-column elementor-element elementor-element-26821da\" data-id=\"26821da\" data-element_type=\"column\">\n\t\t\t<div class=\"elementor-widget-wrap elementor-element-populated\">\n\t\t\t\t\t\t\t\t<div class=\"elementor-element elementor-element-42713ba elementor-widget elementor-widget-text-editor\" data-id=\"42713ba\" data-element_type=\"widget\" data-widget_type=\"text-editor.default\">\n\t\t\t\t<div class=\"elementor-widget-container\">\n\t\t\t\t\t\t\t<p class=\"questiton_content_top\"><span style=\"color: #808080;\">K\u1ec3 t\u1eeb ng\u00e0y 06\/03\/2023 khi \u0111\u1ebfn v\u1edbi Honda \u00d4t\u00f4 H\u1ea3i Ph\u00f2ng &#8211; Th\u1ee7y Nguy\u00ean, Qu\u00fd kh\u00e1ch s\u1ebd \u0111\u01b0\u1ee3c tr\u1ea3i nghi\u1ec7m d\u1ecbch v\u1ee5 B\u1ea3o d\u01b0\u1ee1ng si\u00eau t\u1ed1c v\u00f4 c\u00f9ng ti\u1ec7n \u00edch.<\/span><br \/><span style=\"color: #808080;\">D\u1ecbch v\u1ee5 B\u1ea3o d\u01b0\u1ee1ng si\u00eau t\u1ed1c \u0111\u01b0\u1ee3c thi\u1ebft k\u1ebf \u0111\u1eb7c bi\u1ec7t d\u00e0nh cho c\u00e1c c\u1ea5p B\u1ea3o d\u01b0\u1ee1ng nh\u1ecf (5.000km, 15.000km, 25.000km,\u2026) v\u1edbi m\u1ee5c ti\u00eau ti\u1ebft ki\u1ec7m th\u1eddi gian qu\u00fd gi\u00e1 cho Kh\u00e1ch h\u00e0ng, \u0111\u1ea3m b\u1ea3o ch\u1ea5t l\u01b0\u1ee3ng theo ti\u00eau chu\u1ea9n Honda. V\u1edbi th\u1eddi gian t\u1eeb Ti\u1ebfp nh\u1eadn \u0111\u1ebfn Giao xe ch\u1ec9 v\u1edbi 30 ph\u00fat, t\u01b0\u01a1ng \u0111\u01b0\u01a1ng v\u1edbi th\u1eddi gian Qu\u00fd kh\u00e1ch th\u01b0\u1edfng th\u1ee9c m\u1ed9t ly tr\u00e0 hay \u0111\u1ecdc m\u1ed9t m\u1ea9u tin t\u1ee9c.<\/span><br \/><span style=\"color: #808080;\">\u0110\u1ec3 th\u1ef1c hi\u1ec7n \u0111\u01b0\u1ee3c \u0111i\u1ec1u n\u00e0y, t\u1ea5t c\u1ea3 th\u00e0nh vi\u00ean t\u1eeb C\u1ed1 v\u1ea5n d\u1ecbch v\u1ee5, Qu\u1ea3n \u0111\u1ed1c, K\u1ef9 thu\u1eadt vi\u00ean \u0111\u1ec1u \u0111\u00e3 \u0111\u01b0\u1ee3c \u0111\u00e0o t\u1ea1o chuy\u00ean s\u00e2u b\u1edfi Honda Vi\u1ec7t Nam.<\/span><br \/><span style=\"color: #808080;\">Qu\u00fd kh\u00e1ch vui l\u00f2ng \u0111\u1ebfn Honda \u00d4t\u00f4 H\u1ea3i Ph\u00f2ng &#8211; Th\u1ee7y Nguy\u00ean, \u0111\u1ec3 ch\u0103m s\u00f3c x\u1ebf y\u00eau v\u00e0 tr\u1ea3i nghi\u1ec7m d\u1ecbch v\u1ee5 ch\u1ea5t l\u01b0\u1ee3ng c\u1ee7a ch\u00fang t\u00f4i!<\/span><\/p>\t\t\t\t\t\t<\/div>\n\t\t\t\t<\/div>\n\t\t\t\t\t<\/div>\n\t\t<\/div>\n\t\t\t\t\t\t\t<\/div>\n\t\t<\/section>\n\t\t\t\t\t\t\t<\/div>","protected":false},"excerpt":{"rendered":"<p>B\u1ea3o d\u01b0\u1ee1ng \u0111\u1ecbnh k\u1ef3 l\u00e0 ki\u1ec3m tra, s\u1eeda ch\u1eefa v\u00e0 thay th\u1ebf \u0111\u1ec3 \u0111\u1ea3m b\u1ea3o ho\u1ea1t \u0111\u1ed9ng t\u1ed1t nh\u1ea5t cho xe B\u1ea2O D\u01af\u1ee0NG \u0110\u1ecaNH K\u1ef2 Hi\u1ec7n nay \u00f4 t\u00f4 \u0111\u00e3 tr\u1edf th\u00e0nh ph\u01b0\u01a1ng ti\u1ec7n giao th\u00f4ng ng\u00e0y c\u00e0ng ph\u1ed5 bi\u1ebfn h\u01a1n t\u1ea1i Vi\u1ec7t Nam. Nh\u1eefng ng\u01b0\u1eddi s\u1eed d\u1ee5ng xe mong mu\u1ed1n xe c\u1ee7a h\u1ecd lu\u00f4n [&hellip;]<\/p>","protected":false},"author":1,"featured_media":12503,"parent":0,"menu_order":0,"comment_status":"closed","ping_status":"closed","template":"templates\/cadealer-elementor-full-width.php","meta":{"_seopress_robots_primary_cat":"","footnotes":""},"categories":[161],"tags":[],"class_list":["post-10810","page","type-page","status-publish","has-post-thumbnail","hentry","category-bao-duong"],"acf":[],"_links":{"self":[{"href":"https:\/\/hondaotothuynguyen.com.vn\/en\/wp-json\/wp\/v2\/pages\/10810","targetHints":{"allow":["GET"]}}],"collection":[{"href":"https:\/\/hondaotothuynguyen.com.vn\/en\/wp-json\/wp\/v2\/pages"}],"about":[{"href":"https:\/\/hondaotothuynguyen.com.vn\/en\/wp-json\/wp\/v2\/types\/page"}],"author":[{"embeddable":true,"href":"https:\/\/hondaotothuynguyen.com.vn\/en\/wp-json\/wp\/v2\/users\/1"}],"replies":[{"embeddable":true,"href":"https:\/\/hondaotothuynguyen.com.vn\/en\/wp-json\/wp\/v2\/comments?post=10810"}],"version-history":[{"count":25,"href":"https:\/\/hondaotothuynguyen.com.vn\/en\/wp-json\/wp\/v2\/pages\/10810\/revisions"}],"predecessor-version":[{"id":12698,"href":"https:\/\/hondaotothuynguyen.com.vn\/en\/wp-json\/wp\/v2\/pages\/10810\/revisions\/12698"}],"wp:featuredmedia":[{"embeddable":true,"href":"https:\/\/hondaotothuynguyen.com.vn\/en\/wp-json\/wp\/v2\/media\/12503"}],"wp:attachment":[{"href":"https:\/\/hondaotothuynguyen.com.vn\/en\/wp-json\/wp\/v2\/media?parent=10810"}],"wp:term":[{"taxonomy":"category","embeddable":true,"href":"https:\/\/hondaotothuynguyen.com.vn\/en\/wp-json\/wp\/v2\/categories?post=10810"},{"taxonomy":"post_tag","embeddable":true,"href":"https:\/\/hondaotothuynguyen.com.vn\/en\/wp-json\/wp\/v2\/tags?post=10810"}],"curies":[{"name":"wp","href":"https:\/\/api.w.org\/{rel}","templated":true}]}}